{"id":508,"date":"2018-07-08T09:27:57","date_gmt":"2018-07-08T07:27:57","guid":{"rendered":"http:\/\/lisarose-moonpearl.com\/?post_type=product&#038;p=508"},"modified":"2023-09-04T08:01:01","modified_gmt":"2023-09-04T06:01:01","slug":"conversations-entre-maylen-et-kaolin-2","status":"publish","type":"product","link":"https:\/\/lisarose-moonpearl.com\/index.php\/produit\/conversations-entre-maylen-et-kaolin-2\/","title":{"rendered":"Conversations entre Maylen&rsquo; et Kaolin&rsquo; T.2"},"content":{"rendered":"<h3>Pourquoi j&rsquo;ai \u00e9crit le tome II des \u00ab\u00a0 Conversations entre Maylen&rsquo; et<span class=\"Apple-converted-space\">\u00a0 <\/span>Kaolin&rsquo;\u00a0 \u00bb?<\/h3>\n<p>Je n&rsquo;avais pas tout dit dans le premier\u00a0 tome !<span class=\"Apple-converted-space\">\u00a0<\/span><\/p>\n<p>Le format de nouvelles \u00e9tait avant tout un choix pratique. Il me permettait d&rsquo;aborder diff\u00e9rents th\u00e8mes dans un m\u00eame ouvrage, sans avoir \u00e0 d\u00e9velopper chacun d&rsquo;entre eux de mani\u00e8re exhaustive.<span class=\"Apple-converted-space\">\u00a0<\/span><\/p>\n<p>Dans le tome I, j&rsquo;ai d&rsquo;abord pu parler de la transformation de Maylen&rsquo;, suite \u00e0 une exp\u00e9rience de mort \u00e9minente. Un \u00e9pisode dans le coma lui a donn\u00e9 acc\u00e8s \u00e0 la communication animale, notamment avec sa jument Kaolin&rsquo;. Deux sauvetages de chevaux, tr\u00e8s diff\u00e9rents l&rsquo;un de l&rsquo;autre, furent aussi au programme de ce premier recueil. Ainsi qu&rsquo;un in\u00e9dit \u00ab\u00a0 bar \u00e0 chevaux\u00a0 \u00bb, inspir\u00e9 du mod\u00e8le asiatique de bars \u00e0 chats&#8230; Sans oublier la rencontre de l&rsquo;h\u00e9ro\u00efne avec un myst\u00e9rieux sage Hindou, vivant en ermite avec son troupeau de chevaux, dans les montagnes du Vallespir&#8230;<\/p>\n<p>Ces divers sujets, \u00e0 premi\u00e8re vue h\u00e9t\u00e9rog\u00e8nes, avaient d\u00e9j\u00e0 tous, comme fil conducteur, la connexion entre humaines et chevaux&#8230;<span class=\"Apple-converted-space\">\u00a0<\/span><\/p>\n<p>Une fois le premier manuscrit<span class=\"Apple-converted-space\">\u00a0 <\/span>achev\u00e9, j&rsquo;avais d&rsquo;innombrables id\u00e9es pour la suite\u00a0 ! Un second tome s&rsquo;imposait\u00a0 !<\/p>\n<h3>Quelle est l&rsquo;histoire\u00a0 des \u00ab\u00a0 Conversations entre Maylen&rsquo; et Kaolin&rsquo;\u00a0 \u00bb?<span class=\"Apple-converted-space\">\u00a0<\/span><\/h3>\n<p>Maylen&rsquo; se confie de nouveau \u00e0 sa meilleure amie, la jument Kaolin&rsquo;.<\/p>\n<p>Elle se demande si les chevaux ne sont pas des passeurs, un trait d&rsquo;union entre les mondes, une porte vers l&rsquo;invisible. Quant aux chiens et aux chats, ne peuvent-ils pas, \u00e0 leur tour, transmettre des messages aux humains et les guider sur leur chemin de vie\u00a0 ? Les messagers de tous poils que la vie met sur le chemin de la jeune femme la pr\u00e9parent tous \u00e0 accueillir la plus merveilleuse nouvelle qui soit\u00a0 ! Il s&rsquo;appellera Phileo\u00a0 !<\/p>\n<p>Son petit s&rsquo;appropriant son ventre, mois apr\u00e8s mois, Maylen&rsquo; se sent devenir une maman kangourou\u00a0 ! Elle imagine alors toutes les cons\u00e9quences qu&rsquo;implique cette<span class=\"Apple-converted-space\">\u00a0 <\/span>condition marsupiale\u00a0 ! Si les humains se reproduisaient comme des marsupiaux, quel retentissement ce changement aurait-il sur la condition de la femme, sa maternit\u00e9, sa relation aux hommes ?<\/p>\n<p>Je me suis largement inspir\u00e9e de questionnements et d&rsquo;exp\u00e9riences extraordinaires v\u00e9cus pendant ma propre grossesse.<\/p>\n<h3>Pourquoi le th\u00e8me de la grossesse et de la communication animale\u00a0 ?<\/h3>\n<p>Alors que le tome I n&rsquo;\u00e9tait pas encore imprim\u00e9, je d\u00e9couvris \u00ab\u00a0 la plus merveilleuse nouvelle qui soit\u00a0 \u00bb. J&rsquo;allais bient\u00f4t devenir maman\u00a0 ! \u00ab\u00a0 Pour de vrai\u00a0 \u00bb. Apr\u00e8s avoir \u00e9t\u00e9 la maman aimante et responsable de mes chevaux, depuis plus d&rsquo;une d\u00e9cennie&#8230;<span class=\"Apple-converted-space\">\u00a0<\/span><\/p>\n<p>Ecrire sur le th\u00e8me de la grossesse devint une \u00e9vidence. Une grossesse singuli\u00e8re, car il me fallut composer entre mon futur b\u00e9b\u00e9 et mes deux \u00ab\u00a0 enfants\u00a0 \u00bb \u00e9quins, qui partageaient d\u00e9j\u00e0 mon quotidien depuis de longues ann\u00e9es. Je me sentais comme une m\u00e8re de famille pr\u00e9parant ses ain\u00e9es \u00e0 l&rsquo;arriv\u00e9e du petit dernier\u00a0 ! Je dus faire grandir mon amour un peu plus encore et me pr\u00e9server aussi, car une grossesse fatigue plus que l&rsquo;achat d&rsquo;un cheval\u00a0 !<span class=\"Apple-converted-space\">\u00a0<\/span><\/p>\n<p>Cette future maternit\u00e9 fut une nouvelle occasion, au del\u00e0 de toute esp\u00e9rances, d&rsquo;exp\u00e9rimenter la communication animale\u00a0 ! Les animaux venaient \u00e0 moi spontan\u00e9ment\u00a0 ; c&rsquo;\u00e9tait impressionnant, troublant m\u00eame. Ils me communiquaient des messages, non par des sons, mais d&rsquo;une fa\u00e7on qui me permettait de comprendre parfaitement leurs intentions.<span class=\"Apple-converted-space\">\u00a0<\/span><\/p>\n<p>J&rsquo;ai \u00e9galement beaucoup parl\u00e9 \u00e0 mes chevaux, leur expliquant exactement ce qui se passait. Ils m&rsquo;ont remarquablement bien comprise et j&rsquo;ai su qu\u00a0 &lsquo;ils savaient&#8230; Ils se sont m\u00e9tamorphos\u00e9s, devenant doux comme des agneaux, afin que je m&rsquo;occupe d&rsquo;eux le plus longtemps possible. J&rsquo;ai pu monter jusqu&rsquo;\u00e0 la fin du deuxi\u00e8me trimestre et aller les voir presque jusqu&rsquo;\u00e0 terme. Ils faisaient attention \u00e0 moi, je me sentais en parfaite s\u00e9curit\u00e9 en leur pr\u00e9sence.<span class=\"Apple-converted-space\">\u00a0<\/span><\/p>\n<p>Ce second tome est comme un t\u00e9moignage reconnaissant \u00e0 cette p\u00e9riode b\u00e9nie. La grossesse m&rsquo;a connect\u00e9e de fa\u00e7on encore plus forte et \u00e9troite \u00e0 mes chevaux, aux animaux de fa\u00e7on g\u00e9n\u00e9ral, \u00e0 la nature, \u00e0 mes guides, \u00e0 l&rsquo;au-del\u00e0&#8230; Merci \u00e0 toi, mon petit angelot d&rsquo;amour, d&rsquo;avoir frapp\u00e9 \u00e0 la porte de nos vies &lt;3<\/p>\n","protected":false},"excerpt":{"rendered":"<p>Maylen&rsquo; se confie de nouveau \u00e0 sa meilleure amie, la jument Kaolin&rsquo;. Les messagers de tous poils que la vie met sur son chemin la pr\u00e9parent tous \u00e0 accueillir la plus merveilleuse nouvelle qui soit\u00a0! Il s&rsquo;appellera Phileo\u00a0! Son petit s&rsquo;appropriant son ventre, mois apr\u00e8s mois, Maylen&rsquo; se sent devenir une maman kangourou\u00a0! Elle imagine alors toutes les cons\u00e9quences qu&rsquo;implique cette condition marsupiale\u00a0!<\/p>\n<p>Lisarose Moonpearl<\/p>\n","protected":false},"featured_media":509,"comment_status":"open","ping_status":"closed","template":"","meta":{"_et_pb_use_builder":"","_et_pb_old_content":"","_et_gb_content_width":"","_mi_skip_tracking":false},"product_cat":[103],"product_tag":[],"_links":{"self":[{"href":"https:\/\/lisarose-moonpearl.com\/index.php\/wp-json\/wp\/v2\/product\/508"}],"collection":[{"href":"https:\/\/lisarose-moonpearl.com\/index.php\/wp-json\/wp\/v2\/product"}],"about":[{"href":"https:\/\/lisarose-moonpearl.com\/index.php\/wp-json\/wp\/v2\/types\/product"}],"replies":[{"embeddable":true,"href":"https:\/\/lisarose-moonpearl.com\/index.php\/wp-json\/wp\/v2\/comments?post=508"}],"wp:featuredmedia":[{"embeddable":true,"href":"https:\/\/lisarose-moonpearl.com\/index.php\/wp-json\/wp\/v2\/media\/509"}],"wp:attachment":[{"href":"https:\/\/lisarose-moonpearl.com\/index.php\/wp-json\/wp\/v2\/media?parent=508"}],"wp:term":[{"taxonomy":"product_cat","embeddable":true,"href":"https:\/\/lisarose-moonpearl.com\/index.php\/wp-json\/wp\/v2\/product_cat?post=508"},{"taxonomy":"product_tag","embeddable":true,"href":"https:\/\/lisarose-moonpearl.com\/index.php\/wp-json\/wp\/v2\/product_tag?post=508"}],"curies":[{"name":"wp","href":"https:\/\/api.w.org\/{rel}","templated":true}]}}