{"id":506,"date":"2018-07-08T09:14:42","date_gmt":"2018-07-08T07:14:42","guid":{"rendered":"http:\/\/lisarose-moonpearl.com\/?post_type=product&#038;p=506"},"modified":"2022-06-01T00:06:48","modified_gmt":"2022-05-31T22:06:48","slug":"diamor","status":"publish","type":"product","link":"https:\/\/lisarose-moonpearl.com\/index.php\/produit\/diamor\/","title":{"rendered":"Diamor"},"content":{"rendered":"<h3>Comment est n\u00e9e l&rsquo;id\u00e9e de cet ouvrage\u00a0?<\/h3>\n<p>DIAMOR est un livre illustr\u00e9, plus particuli\u00e8rement destin\u00e9 aux coll\u00e9giens et lyc\u00e9ens.\u00a0J&rsquo;ai souhait\u00e9 proposer un livre pour les adolescents qui ne sont pas particuli\u00e8rement port\u00e9s sur la lecture et qui passent beaucoup de temps sur leurs \u00e9crans. Il fallait une pr\u00e9sentation et un \u00ab\u00a0produit\u00a0\u00bb in\u00e9dits, susceptibles de les int\u00e9resser et d&rsquo;\u00e9veiller leur curiosit\u00e9.<\/p>\n<h3>Comment est n\u00e9e sa mise en forme\u00a0?<\/h3>\n<p>Ce \u00ab\u00a0conte nanotechnologique\u00a0\u00bb se pr\u00e9sente sous une forme alliant tradition et modernit\u00e9.<br \/>\nAu fil de la conversation entre les deux protagonistes, Carmin et D\u00e9lice, et des dessins qui l&rsquo;illustre, on d\u00e9couvre une histoire dans la lign\u00e9e du conte traditionnel.<br \/>\nCe qui est in\u00e9dit, c&rsquo;est que le r\u00e9cit est constitu\u00e9, dans son int\u00e9gralit\u00e9, d&rsquo;un dialogue en \u00ab\u00a0chat\u00a0\u00bb. Le but\u00a0? Que les jeunes lecteurs aient l&rsquo;impression d&rsquo;\u00eatre sur leur smartphone ou leur tablette. Ces \u00ab\u00a0bulles\u00a0\u00bb, dont la couleur varie en fonction de l&rsquo;interlocuteur, sont une v\u00e9ritable forme d&rsquo;\u00e9criture, connue de tous, utilis\u00e9e au quotidien par une majorit\u00e9 de personnes, mais encore tr\u00e8s rare dans le milieu de l&rsquo;\u00e9dition.<br \/>\nLes illustrations, qui ont pour but de rendre l&rsquo;histoire plus vivante, sont ins\u00e9r\u00e9es dans le texte exactement comme les photos dans un \u00ab\u00a0chat\u00a0\u00bb.<\/p>\n<h3>Pourquoi ce th\u00e8me ?<\/h3>\n<p>Les th\u00e8mes abord\u00e9s allient, eux aussi, pass\u00e9 et avant-garde.<br \/>\nEn premier lieu, il s&rsquo;agit d&rsquo;un conte des Mille et une nuits : c&rsquo;est l&rsquo;histoire de Carmin et D\u00e9lice, entour\u00e9s de leurs tigres et chevaux, entre Inde et Tibet&#8230; L&rsquo;univers oriental et les traditions indiennes m&rsquo;attirent depuis toujours. C&rsquo;est \u00e0 la fois un monde merveilleux, d\u00e9paysant, et une civilisation bien r\u00e9elle, juste \u00e0 notre porte. J&rsquo;y raconte l&rsquo;histoire d&rsquo;un amour impossible. Th\u00e8me \u00e9minemment universel&#8230; De plus, n&rsquo;est-ce pas \u00e0 l&rsquo;adolescence que l&rsquo;on vit bien souvent son premier chagrin d&rsquo;amour\u00a0?<br \/>\nDIAMOR est aussi le r\u00e9cit de la victoire de l&rsquo;amour et de la communication sur les lois inhumaines qui r\u00e9gissent encore tant de contr\u00e9es de notre monde moderne et civilis\u00e9&#8230; Un lien entre pass\u00e9, pr\u00e9sent et avenir.<br \/>\nNe sommes-nous pas dans l&rsquo;\u00e8re de l&rsquo;ultra-communication\u00a0? Chaque jour, la science avance et nous permet de communiquer par de nouveaux canaux. Elle d\u00e9couvre, de plus, que toute vie est communication\u00a0: les animaux communiquent, les v\u00e9g\u00e9taux \u00e9galement, mais aussi toutes les cellules, aussi diverses soient-elles&#8230;\u00a0Le second th\u00e8me pr\u00e9pond\u00e9rant de ce conte est donc la communication, bienveillante, entre humains, mais pas seulement. \u00c9tant moi-m\u00eame tr\u00e8s li\u00e9e aux animaux, notamment aux chevaux et aux f\u00e9lins, je les ai tout naturellement introduits dans le r\u00e9cit.<br \/>\nJ&rsquo;ai rajout\u00e9 des technologies d&rsquo;anticipation, qui seront tr\u00e8s probablement dans nos maisons dans quelques ann\u00e9es. Le JADUTAKA est un tissu \u00e0 la pointe des nanotechnologies, qui permet de communiquer mille fois mieux qu&rsquo;avec nos smartphones actuels&#8230;<\/p>\n<h3>Le choix des images ?<\/h3>\n<p>Quand j&rsquo;ai \u00e9crit cette histoire, je voyais les sc\u00e8nes dans ma t\u00eate, un peu comme lorsqu&rsquo;on r\u00eave. Ce sont ces images que j&rsquo;ai soumises \u00e0 Christophe Rual, afin qu&rsquo;il les retranscrive le plus fid\u00e8lement possible. Gr\u00e2ce \u00e0 une tr\u00e8s belle collaboration, c&rsquo;est ce qu&rsquo;il est parvenu \u00e0 faire, au del\u00e0 de mes esp\u00e9rances. Je tiens tout particuli\u00e8rement \u00e0 le remercier pour son \u00e9coute et sa patience.<br \/>\nLes images permettent de rentrer dans l&rsquo;ambiance magique de ce conte oriental (couleurs, style vestimentaire, d\u00e9cor&#8230;), et de ressentir la communion entre les \u00eatres, humains et animaux&#8230; Le illustrations gardent toutefois des traits modernes, proches du manga.<\/p>\n","protected":false},"excerpt":{"rendered":"<p>Dans une petite ville, en Inde, Carmin est charg\u00e9 de commander la robe de mari\u00e9e de sa s\u0153ur. Il se rend chez D\u00e9lice, couturi\u00e8re. Une force irr\u00e9sistible les attire l\u2019un vers l\u2019autre. Cependant, ils appartiennent \u00e0 deux castes incompatibles\u2026 Traqu\u00e9s, ils sont oblig\u00e9s de se cacher pour se voir. Les deux \u00e2mes s\u0153urs, captur\u00e9es, tortur\u00e9es, jug\u00e9es et condamn\u00e9es \u00e0 rester \u00e0 des centaines de kilom\u00e8tres l\u2019une de l\u2019autre, sont bien d\u00e9cid\u00e9es \u00e0 vaincre la violence et les lois inhumaines de cet \u00e9tat totalitaire. S\u00e9par\u00e9s de force, comment, Carmin et D\u00e9lice parviendront-ils \u00e0 communiquer ? R\u00e9ussiront-ils, au p\u00e9ril de leur vie, \u00e0 trouver DIAMOR, la terre d\u2019asile dont ils r\u00eavent ? Pourront-ils unir leurs talents et cr\u00e9er le JADUTAKA, l\u2019outil de communication le plus sophistiqu\u00e9 qui ait jamais exist\u00e9 ?<\/p>\n<p><strong>Cet ouvrage est disponible dans toute librairie physique ou en ligne, ou directement sur <\/strong><a href=\"https:\/\/www.lespresseslitteraires.com\/moonpearl-lisarose\/\"><strong>le site de l&rsquo;\u00e9diteur.<\/strong><\/a><\/p>\n","protected":false},"featured_media":225,"comment_status":"open","ping_status":"closed","template":"","meta":{"_et_pb_use_builder":"","_et_pb_old_content":"","_et_gb_content_width":"","_mi_skip_tracking":false},"product_cat":[103],"product_tag":[],"_links":{"self":[{"href":"https:\/\/lisarose-moonpearl.com\/index.php\/wp-json\/wp\/v2\/product\/506"}],"collection":[{"href":"https:\/\/lisarose-moonpearl.com\/index.php\/wp-json\/wp\/v2\/product"}],"about":[{"href":"https:\/\/lisarose-moonpearl.com\/index.php\/wp-json\/wp\/v2\/types\/product"}],"replies":[{"embeddable":true,"href":"https:\/\/lisarose-moonpearl.com\/index.php\/wp-json\/wp\/v2\/comments?post=506"}],"wp:featuredmedia":[{"embeddable":true,"href":"https:\/\/lisarose-moonpearl.com\/index.php\/wp-json\/wp\/v2\/media\/225"}],"wp:attachment":[{"href":"https:\/\/lisarose-moonpearl.com\/index.php\/wp-json\/wp\/v2\/media?parent=506"}],"wp:term":[{"taxonomy":"product_cat","embeddable":true,"href":"https:\/\/lisarose-moonpearl.com\/index.php\/wp-json\/wp\/v2\/product_cat?post=506"},{"taxonomy":"product_tag","embeddable":true,"href":"https:\/\/lisarose-moonpearl.com\/index.php\/wp-json\/wp\/v2\/product_tag?post=506"}],"curies":[{"name":"wp","href":"https:\/\/api.w.org\/{rel}","templated":true}]}}