{"id":505,"date":"2018-07-08T09:13:35","date_gmt":"2018-07-08T07:13:35","guid":{"rendered":"http:\/\/lisarose-moonpearl.com\/?post_type=product&#038;p=505"},"modified":"2022-11-12T11:21:56","modified_gmt":"2022-11-12T10:21:56","slug":"lois","status":"publish","type":"product","link":"https:\/\/lisarose-moonpearl.com\/index.php\/produit\/lois\/","title":{"rendered":"Lo\u00efs"},"content":{"rendered":"<h3>Pourquoi j&rsquo;ai e\u0301crit \u00ab Loi\u0308s \u00bb?<\/h3>\n<p>Ayant moi-me\u0302me suivi une classe pre\u0301paratoire scientifique, comme Latika, je ne m&rsquo;y sentais pas a\u0300 ma place. La fierte\u0301 me poussait a\u0300 y rester, mes aspirations personnelles a\u0300 la quitter. Face a\u0300 ce dilemme, j&rsquo;avais tre\u0300s envie d&rsquo;avoir une jumelle qui puisse rester en maths-sup bio tandis que je suivrais des e\u0301tudes de philo et de psycho.<br \/>\nJ&rsquo;ai imagine\u0301 l&rsquo;histoire de Loi\u0308s et Latika a\u0300 ce moment la\u0300 : j&rsquo;e\u0301crivais la nuit, ce qui m&rsquo;a permis de tenir jusqu&rsquo;a\u0300 la fin de l&rsquo;anne\u0301e et me\u0302me de passer en spe\u0301 ! Depuis, cette histoire ne m&rsquo;a pas quitte\u0301e&#8230; Il semble que l&rsquo;envie d&rsquo;avoir un double est assez universelle et que cette histoire est susceptible de toucher un large public. \u00ab Les paires sont la base de la vie \u00bb.<br \/>\nLoi\u0308s est par certains points aux antipodes de Latika et de moi-me\u0302me. J&rsquo;ai mis en elle tous mes \u00ab de\u0301mons \u00bb. C&rsquo;est ce qui explique cette phrase en prologue : \u00ab A\u0300 celle que je ne suis pas devenue, gra\u0302ce a\u0300 une rupture biographique, pour mon plus grand bonheur&#8230; \u00bb<\/p>\n<h3>Quelle est l&rsquo;histoire de Loi\u0308s?<\/h3>\n<p>Loi\u0308s est le clone de Latika. Valente, ge\u0301ne\u0301ticien avant-gardiste, a cre\u0301e\u0301 le double de sa compagne, exactement du me\u0302me a\u0302ge que sa ge\u0301nitrice. Cette jumelle doit remplacer Latika dans une vie qui ne lui convient plus, mais a\u0300 laquelle elle ne peut cependant pas renoncer &#8230;<br \/>\nLoi\u0308s, tout comme sa jumelle, se passionne pour le fonctionnement du cerveau. \u00ab Puisque tout prend naissance dans notre cerveau, et que tout ce que vit l&rsquo;homme s&rsquo;y passe, jusqu&rsquo;ou\u0300 nous de\u0301finit-il ? \u00bb Son profil de pure scientifique lui permet de re\u0301ussir des e\u0301tudes de haut vol en neurobiologie applique\u0301e et de percer dans le milieu tre\u0300s ferme\u0301 et e\u0301litiste de la recherche prive\u0301e en neurosciences. Elle cre\u0301e\u0301 notamment Voluptuoso, la pilule de l&rsquo;amour et de l&rsquo;orgasme&#8230;<br \/>\nParalle\u0300lement a\u0300 sa vie professionnelle brillante, Loi\u0308s tombe amoureuse du nordique Malone, moniteur de ski pyre\u0301ne\u0301en et alpin. Tout aussi passionne\u0301 par son me\u0301tier que sa compagne par le sien, il part plusieurs mois en Ame\u0301rique du Sud. Trop seule, Loi\u0308s se laisse se\u0301duire par Manolete, le tore\u0301ro latino&#8230;<br \/>\nMais comment ge\u0301rer cette double vie au retour de Malone ? Loi\u0308s est incapable de choisir entre ses deux amours, dont les diffe\u0301rences se comple\u0301mentent si bien. Peut-elle leur proposer de vivre officiellement a\u0300 trois ?<br \/>\nLes choses se compliquent pour le trio, lorsque Loi\u0308s tombe enceinte accidentellement. Comment ge\u0301rer l&rsquo;ine\u0301vitable jalousie de ses deux hommes ? Comment concevoir une vie de famille, alors qu&rsquo;elle ne vit que pour son me\u0301tier ?<\/p>\n<h3>Pourquoi un clone ? Pourquoi les neurosciences ? Pourquoi la biandrie ?<\/h3>\n<p>Passionne\u0301e par la ge\u0301ne\u0301tique, j&rsquo;ai voulu utiliser cette discipline pour trouver une solution au proble\u0300me de Latika. J&rsquo;ai souhaite\u0301 cre\u0301er un clone diffe\u0301rent de ceux pre\u0301sente\u0301s dans certains ouvrages et films de science-fiction. Loi\u0308s est juste un e\u0302tre humain normal, ni un extra-terrestre aux pouvoirs surnaturels, ni une banque d&rsquo;organes sans conscience propre.<\/p>\n<p>Passionne\u0301e e\u0301galement par les neurosciences, davantage par curiosite\u0301 intellectuelle que par adhe\u0301sion ide\u0301ologique, il me fallait un personnage porteur de ces connaissances et de leurs applications possibles. La personnalite\u0301 de Loi\u0308s s&rsquo;y pre\u0302tait parfaitement. A l&rsquo;e\u0301poque ou\u0300 j&rsquo;ai inte\u0301gre\u0301 cette classe pre\u0301paratoire scientifique, une partie de moi ambitionnait de travailler dans la recherche en neurobiologie.<\/p>\n<p>Je me suis souvent demande\u0301 pourquoi il e\u0301tait plus tabou pour une femme de fre\u0301quenter plusieurs hommes que pour un hommes d&rsquo;avoir femme et mai\u0302tresses. Loi\u0308s, personnage malgre\u0301 tout hors-normes et assez transgressif, se re\u0301ve\u0301la e\u0302tre le personnage ide\u0301al pour vivre une situation de polyandrie qui ne heurte pas les re\u0300gles de biense\u0301ance. A l&rsquo;e\u0300re du mariage pour tous, pourquoi ne serait-ce pas envisageable ?<\/p>\n","protected":false},"excerpt":{"rendered":"<p>Lo\u00efs est le clone de Latika. Valente, g\u00e9n\u00e9ticien avant-gardiste, cr\u00e9e le double de sa compagne, pour la remplacer dans une vie de taupe qui ne lui convient plus. Lo\u00efs se passionne pour le fonctionnement du cerveau. Apr\u00e8s des \u00e9tudes en neurosciences appliqu\u00e9es, elle r\u00e9ussit \u00e0 percer dans le milieu ferm\u00e9 et \u00e9litiste de la recherche priv\u00e9e. Parall\u00e8lement, Lo\u00efs tombe amoureuse du nordique Malone, moniteur de ski. Lorsqu\u2019il part skier quelques mois en Argentine, Lo\u00efs, trop seule, se laisse s\u00e9duire par Manolete, tor\u00e9ro latino\u2026 Comment g\u00e9rer cette double vie ? Lo\u00efs n\u2019arrive pas \u00e0 choisir. Les choses se compliquent pour le trio, lorsqu\u2019elle tombe enceinte\u2026<\/p>\n<p><strong>Cet ouvrage est disponible dans toute librairie physique ou en ligne, ou directement sur <\/strong><a href=\"https:\/\/www.lespresseslitteraires.com\/moonpearl-lisarose\/\"><strong>le site de l\u2019\u00e9diteur.<\/strong><\/a><\/p>\n","protected":false},"featured_media":120,"comment_status":"open","ping_status":"closed","template":"","meta":{"_et_pb_use_builder":"","_et_pb_old_content":"","_et_gb_content_width":"","_mi_skip_tracking":false},"product_cat":[103],"product_tag":[],"_links":{"self":[{"href":"https:\/\/lisarose-moonpearl.com\/index.php\/wp-json\/wp\/v2\/product\/505"}],"collection":[{"href":"https:\/\/lisarose-moonpearl.com\/index.php\/wp-json\/wp\/v2\/product"}],"about":[{"href":"https:\/\/lisarose-moonpearl.com\/index.php\/wp-json\/wp\/v2\/types\/product"}],"replies":[{"embeddable":true,"href":"https:\/\/lisarose-moonpearl.com\/index.php\/wp-json\/wp\/v2\/comments?post=505"}],"wp:featuredmedia":[{"embeddable":true,"href":"https:\/\/lisarose-moonpearl.com\/index.php\/wp-json\/wp\/v2\/media\/120"}],"wp:attachment":[{"href":"https:\/\/lisarose-moonpearl.com\/index.php\/wp-json\/wp\/v2\/media?parent=505"}],"wp:term":[{"taxonomy":"product_cat","embeddable":true,"href":"https:\/\/lisarose-moonpearl.com\/index.php\/wp-json\/wp\/v2\/product_cat?post=505"},{"taxonomy":"product_tag","embeddable":true,"href":"https:\/\/lisarose-moonpearl.com\/index.php\/wp-json\/wp\/v2\/product_tag?post=505"}],"curies":[{"name":"wp","href":"https:\/\/api.w.org\/{rel}","templated":true}]}}