{"id":504,"date":"2018-07-08T09:12:35","date_gmt":"2018-07-08T07:12:35","guid":{"rendered":"http:\/\/lisarose-moonpearl.com\/?post_type=product&#038;p=504"},"modified":"2023-05-20T14:57:44","modified_gmt":"2023-05-20T12:57:44","slug":"carlene","status":"publish","type":"product","link":"https:\/\/lisarose-moonpearl.com\/index.php\/produit\/carlene\/","title":{"rendered":"Carl\u00e8ne"},"content":{"rendered":"<h3>Pourquoi j&rsquo;ai \u00e9crit \u00ab\u00a0Carl\u00e8ne\u00a0\u00bb\u00a0?<\/h3>\n<p>C&rsquo;est une excellente question \u00e0 laquelle je cherche encore la r\u00e9ponse\u00a0!<br \/>\nComme ce fut le cas de chacune des h\u00e9ro\u00efnes de la quadrilogie, Carl\u00e8ne s&rsquo;est impos\u00e9e \u00e0 moi sans que j&rsquo;aies besoin de l&rsquo;inventer. De la m\u00eame fa\u00e7on qu&rsquo;Alis\u00e9a, Latika et Lo\u00efs, ce personnage a pris racine en moi\u00a0et s&rsquo;est \u00e9panoui en se nourrissant de certains de mes traits de caract\u00e8re.<br \/>\nLe fait de s&rsquo;occuper d&rsquo;autrui pour oublier de regarder en face l&rsquo;absurdit\u00e9 et la vacuit\u00e9 de son existence&#8230; Le d\u00e9vouement, l&#8217;empathie, l&rsquo;altruisme peuvent amener tr\u00e8s loin, m\u00eame \u00e0 l&rsquo;autodestruction. Mais ce sont des facult\u00e9s qui donnent aussi une profondeur particuli\u00e8re aux relations humaines.<\/p>\n<h3>Quelle est l&rsquo;histoire\u00a0de Carl\u00e8ne ?<\/h3>\n<p>Carl\u00e8ne est une jeune femme au grand c\u0153ur\u00a0: son r\u00eave est d&rsquo;\u00eatre m\u00e9decin, afin de de lib\u00e9rer son prochain de ses souffrances&#8230; Elle vient faire ses \u00e9tudes dans un Puy-de-D\u00f4me alternatif.<br \/>\nSur sa route, elle croise Jarod, jeune homme aussi myst\u00e9rieux qu&rsquo;ang\u00e9lique. Gr\u00e2ce \u00e0 Latika, d\u00e9tective priv\u00e9, elle parvient \u00e0 le retrouver et rentre dans son univers, d\u00e9j\u00e0 peupl\u00e9 de Mercedes, Kamilia&#8230;et bient\u00f4t Mahona.<br \/>\nNe sachant quelle est sa place dans ce quatuor, pas plus que dans le milieu m\u00e9dical, elle quitte tout et part \u00e9tudier la naturopathie aux Etats-Unis. Elle y rencontre Cavendish qui, tout en lui faisant prendre conscience de ses dons de t\u00e9l\u00e9pathe, la confronte \u00e0 l&rsquo;exp\u00e9rience terrible de perdre un \u00eatre cher. Seule, vid\u00e9e \u00e0 force de ne s&rsquo;occuper que des probl\u00e8mes des autres depuis des ann\u00e9es, Carl\u00e8ne noie son chagrin dans l&rsquo;alcool&#8230;<br \/>\nDe retour en France, elle est la seule \u00e0 parvenir \u00e0 s&rsquo;occuper de Mahona, dont l&rsquo;autisme pr\u00e9occupe autant son p\u00e8re qu&rsquo;il exasp\u00e8re sa m\u00e8re. Mais face au d\u00e9sastre de sa vie affective et \u00e0 la peur de perdre l&rsquo;enfant qui n&rsquo;est pas le sien, Carl\u00e8ne d\u00e9cide de se lancer dans l&rsquo;adoption.<br \/>\nLorsque Mercedes le quitte et part au Japon, Jarod a cependant plus que jamais besoin de sa \u00ab\u00a0petite s\u0153ur\u00a0\u00bb de c\u0153ur. Et si c&rsquo;\u00e9tait Carl\u00e8ne la v\u00e9ritable femme de sa vie et m\u00e8re de sa fille\u00a0?<\/p>\n<h3>Pourquoi l&rsquo;autisme\u00a0?<\/h3>\n<p>L&rsquo;autisme m&rsquo;a toujours int\u00e9ress\u00e9, m\u00eame fascin\u00e9. (Je pensais moi-m\u00eame en \u00eatre atteinte&#8230;, mais \u00e7a c&rsquo;\u00e9tait avant\u00a0!) J&rsquo;ai lu de nombreux ouvrages sur le sujet pour comprendre les rouages de ce mal si \u00e9trange.<br \/>\nQuel meilleur d\u00e9fi pour une t\u00e9l\u00e9pathe hypersensible que d&rsquo;arriver \u00e0 percer la carapace d&rsquo;un enfant autiste\u00a0?<br \/>\nAlors que j&rsquo;avais d\u00e9j\u00e0 Mahona en t\u00eate, j&rsquo;ai appris qu&rsquo;un ami tr\u00e8s cher avait \u00e9t\u00e9 confront\u00e9 de pr\u00e8s\u00a0\u00e0 cette situation. Cela m&rsquo;a autant boulevers\u00e9 que confort\u00e9 dans mon id\u00e9e\u00a0: ce livre \u00e9tait n\u00e9 d&rsquo;une sublime intuition\u00a0! Je n&rsquo;avais plus qu&rsquo;\u00e0 foncer sur ma lanc\u00e9e&#8230;<\/p>\n","protected":false},"excerpt":{"rendered":"<p>Carl\u00e8ne est une jeune femme au grand coeur : son r\u00eave est d\u2019\u00eatre m\u00e9decin\u2026 Elle croise Jarod, jeune homme aussi myst\u00e9rieux qu\u2019ang\u00e9lique. Gr\u00e2ce \u00e0 Latika, d\u00e9tective priv\u00e9, elle parvient \u00e0 le retrouver et rentre dans son univers, d\u00e9j\u00e0 peupl\u00e9 de Mercedes , Kamilia\u2026 et bient\u00f4t Mahona. Carl\u00e8ne est la seule \u00e0 parvenir \u00e0 s\u2019occuper de cet enfant, dont l\u2019autisme pr\u00e9occupe autant son p\u00e8re qu\u2019il exasp\u00e8re sa m\u00e8re\u2026 La complicit\u00e9 et l\u2019amour qui lient la jeune femme et la petite fille permettront-ils de venir \u00e0 bout de ce mal si singulier ?<\/p>\n<p><strong>Cet ouvrage est disponible dans toute librairie physique ou en ligne, ou directement sur <\/strong><a href=\"https:\/\/www.lespresseslitteraires.com\/moonpearl-lisarose\/\"><strong>le site de l&rsquo;\u00e9diteur.<\/strong><\/a><\/p>\n","protected":false},"featured_media":115,"comment_status":"open","ping_status":"closed","template":"","meta":{"_et_pb_use_builder":"","_et_pb_old_content":"","_et_gb_content_width":"","_mi_skip_tracking":false},"product_cat":[103],"product_tag":[],"_links":{"self":[{"href":"https:\/\/lisarose-moonpearl.com\/index.php\/wp-json\/wp\/v2\/product\/504"}],"collection":[{"href":"https:\/\/lisarose-moonpearl.com\/index.php\/wp-json\/wp\/v2\/product"}],"about":[{"href":"https:\/\/lisarose-moonpearl.com\/index.php\/wp-json\/wp\/v2\/types\/product"}],"replies":[{"embeddable":true,"href":"https:\/\/lisarose-moonpearl.com\/index.php\/wp-json\/wp\/v2\/comments?post=504"}],"wp:featuredmedia":[{"embeddable":true,"href":"https:\/\/lisarose-moonpearl.com\/index.php\/wp-json\/wp\/v2\/media\/115"}],"wp:attachment":[{"href":"https:\/\/lisarose-moonpearl.com\/index.php\/wp-json\/wp\/v2\/media?parent=504"}],"wp:term":[{"taxonomy":"product_cat","embeddable":true,"href":"https:\/\/lisarose-moonpearl.com\/index.php\/wp-json\/wp\/v2\/product_cat?post=504"},{"taxonomy":"product_tag","embeddable":true,"href":"https:\/\/lisarose-moonpearl.com\/index.php\/wp-json\/wp\/v2\/product_tag?post=504"}],"curies":[{"name":"wp","href":"https:\/\/api.w.org\/{rel}","templated":true}]}}