{"id":364,"date":"2018-02-19T14:52:33","date_gmt":"2018-02-19T13:52:33","guid":{"rendered":"http:\/\/lisarose-moonpearl.com\/?post_type=product&#038;p=364"},"modified":"2023-05-21T22:52:03","modified_gmt":"2023-05-21T20:52:03","slug":"conversations-entre-maylen-et-kaolin","status":"publish","type":"product","link":"https:\/\/lisarose-moonpearl.com\/index.php\/produit\/conversations-entre-maylen-et-kaolin\/","title":{"rendered":"Conversations entre Maylen&rsquo; et Kaolin&rsquo; T.1"},"content":{"rendered":"<h3>Pourquoi j&rsquo;ai \u00e9crit \u00ab Conversations entre Maylen&rsquo; et Kaolin&rsquo; \u00bb?<\/h3>\n<p>LES CHEVAUX&#8230; Des \u00eatres qui font r\u00eaver depuis la nuit des temps. Aujourd&rsquo;hui, malgr\u00e9 les moyens de communications aussi modernes que multiples, ils sont plus que jamais pr\u00e9sents dans la vie des humains. L&rsquo;\u00e9quitation est le troisi\u00e8me sport le plus pratiqu\u00e9 en France et il passerait en t\u00eate si l&rsquo;on comptait tous les cavaliers et autres pratiquants qui n&rsquo;ont pas de licence. Les chevaux attirent, f\u00e9d\u00e8rent, passionnent, fascinent, de 1 \u00e0 99 ans. Je m&rsquo;en suis rendu compte lorsque j&rsquo;ai sorti mon premier roman \u00ab Alis\u00e9a \u00bb et je le vois au quotidien, avec mes \u00e9l\u00e8ves notamment. Le mot \u00ab cheval \u00bb a quelque chose de magique. Il d\u00e9clenche des sourires et allume des \u00e9toiles dans les yeux&#8230; J&rsquo;ai voulu \u00e9crire, de nouveau, une histoire distillant leur magie, diff\u00e9rente cependant de celle d&rsquo;\u00ab Alis\u00e9a \u00bb. Ce n&rsquo;est donc pas \u00ab encore un livre qui parle de chevaux \u00bb !<br \/>\n\u00ab Alis\u00e9a \u00bb est un roman de 500 pages, tr\u00e8s r\u00e9aliste. Il convient \u00e0 des personnes habitu\u00e9es \u00e0 ce grand format et \u00e0 une \u00e9criture riche et d\u00e9taill\u00e9e. Les \u00ab Conversations entre Maylen&rsquo; et Kaolin&rsquo; \u00bb peuvent \u00eatre lues et appr\u00e9ci\u00e9es par le plus grand nombre.<br \/>\nIl s&rsquo;agit de nouvelles courtes, d&rsquo;une dizaines de pages. La pr\u00e9sentation sous forme de dialogue rend l&rsquo;histoire plus vivante. L&rsquo;\u00e9criture est simple, fluide, le langage est courant. Le texte n&rsquo;est pas aussi travaill\u00e9, \u00e9dulcor\u00e9 et \u00ab litt\u00e9raire \u00bb que ne peut l&rsquo;\u00eatre, par exemple, celui de \u00ab Diamor \u00bb (conte qu&rsquo;il faut lire plusieurs fois pour en capter tout le sens&#8230;). Ce recueil de nouvelles se lit comme un magazine et peut \u00eatre amen\u00e9 partout, gr\u00e2ce \u00e0 son format de poche : transports en commun, salle d&rsquo;attente, caf\u00e9, plage&#8230; Avec les \u00ab Conversations entre Maylen&rsquo; et Kaolin&rsquo; \u00bb, je compte toucher un public nombreux qui aime les chevaux mais qui ne lit pas beaucoup.<\/p>\n<h3>Quelle est l&rsquo;histoire des \u00ab Conversations entre Maylen&rsquo; et Kaolin&rsquo; \u00bb ?<\/h3>\n<p>A travers leurs conversations, la jument Kaolin&rsquo; et sa propri\u00e9taire Maylen&rsquo; racontent de fabuleuses interactions qui peuvent s&rsquo;\u00e9tablir entre l&rsquo;homme et sa plus belle conqu\u00eate. Qui n&rsquo;a jamais r\u00eav\u00e9 converser avec son animal pr\u00e9f\u00e9r\u00e9 ? Si l&rsquo;on dit souvent des animaux qu&rsquo;il ne leur manque que la parole, n&rsquo;est-ce pas plut\u00f4t nier l&rsquo;incapacit\u00e9 de l&rsquo;humain \u00e0 les \u00e9couter ? Maylen&rsquo; nous d\u00e9voile comment, \u00e0 travers certaines exp\u00e9riences que la vie a mises sur son chemin, elle a d\u00e9couvert cette facult\u00e9, jusqu&rsquo;alors cach\u00e9e en elle. Lors d&rsquo;un s\u00e9jour dans le coma, elle parvient \u00e0 dialoguer avec sa jument&#8230; N&rsquo;est-ce pas Kaolin&rsquo;, d&rsquo;ailleurs, qui l&rsquo;a ram\u00e8ne \u00e0 la vie&#8230; ? Maylen&rsquo; cr\u00e9e le \u00ab Bar \u00e0 cavall \u00bb, afin de permettre un contact simple et direct entre les humains, en recherche \u00ab d&rsquo;autre chose avec les chevaux \u00bb ou tout simplement d&rsquo;eux m\u00eame, et ces \u00eatres aussi magiques que charismatiques, et si souvent gu\u00e9risseurs de l&rsquo;\u00e2me humaine&#8230; La jeune femme rencontre finalement le sage hindou Karnataka, ancien \u00ab redresseur \u00bb de chevaux, et sa jument de coeur, V\u00e2hana. Une nouvelle page se tourne alors pour Maylen&rsquo; et Kaolin&rsquo;&#8230;<\/p>\n<h3>Pourquoi la communication animale ?<\/h3>\n<p>Sensibilis\u00e9e \u00e0 la communication animale, je souhaite partager cette magie avec mes lecteurs. J&rsquo;ai rencontr\u00e9 plusieurs personnes ayant ce don de clairvoyance avec les animaux. Je profite de ma plume pour t\u00e9moigner de la v\u00e9racit\u00e9 de cette discipline, dont certaines personnes tr\u00e8s cart\u00e9siennes se m\u00e9fient encore&#8230; J&rsquo;ai d\u00e9cid\u00e9 de voir cette discipline comme une nouvelle chance donn\u00e9e aux humains et aux animaux de se comprendre mieux (enfin !). Le dialogue de Maylen&rsquo; et Kaolin&rsquo;, dans un langage clair et articul\u00e9, est une version compr\u00e9hensible par tous de ce que peut \u00eatre une communication inter-esp\u00e8ces. En r\u00e9alit\u00e9, la communication se fait par transfert d&rsquo;\u00e9motions et de pens\u00e9es, d&rsquo;images et de sons, de conscience \u00e0 conscience. Ceci n&rsquo;est pas un livre expliquant ce qu&rsquo;est la communication animale (CA pour les initi\u00e9s). Ces nouvelles extrapolent simplement ce que pourraient \u00eatre les rapports entre un humain et son (ou ses ) compagnon(s) \u00e0 quatre jambes, lorsque la communication est claire et bilat\u00e9rale.<\/p>\n","protected":false},"excerpt":{"rendered":"<p>Qui n&rsquo;a jamais r\u00eav\u00e9 converser avec son animal pr\u00e9f\u00e9r\u00e9\u00a0?<\/p>\n<p>Lors d&rsquo;un s\u00e9jour dans le coma, Maylen&rsquo; parvient \u00e0 dialoguer avec sa jument&#8230; N&rsquo;est-ce pas Kaolin&rsquo;, d&rsquo;ailleurs, qui la ram\u00e8ne \u00e0 la vie\u00a0? D\u00e9sormais, Maylen&rsquo; partage toutes ses exp\u00e9riences avec son amie \u00e9quine qui la conseille ou se moque gentiment d&rsquo;elle\u00a0! Maylen&rsquo; cr\u00e9e notamment le \u00ab\u00a0Bar \u00e0 cavall\u00a0\u00bb et rencontre le sage hindou Karnataka, ancien \u00ab\u00a0redresseur\u00a0\u00bb de chevaux&#8230;<\/p>\n<p>Lisarose Moonpearl<\/p>\n","protected":false},"featured_media":673,"comment_status":"open","ping_status":"closed","template":"","meta":{"_et_pb_use_builder":"","_et_pb_old_content":"","_et_gb_content_width":"","_mi_skip_tracking":false},"product_cat":[103],"product_tag":[],"_links":{"self":[{"href":"https:\/\/lisarose-moonpearl.com\/index.php\/wp-json\/wp\/v2\/product\/364"}],"collection":[{"href":"https:\/\/lisarose-moonpearl.com\/index.php\/wp-json\/wp\/v2\/product"}],"about":[{"href":"https:\/\/lisarose-moonpearl.com\/index.php\/wp-json\/wp\/v2\/types\/product"}],"replies":[{"embeddable":true,"href":"https:\/\/lisarose-moonpearl.com\/index.php\/wp-json\/wp\/v2\/comments?post=364"}],"wp:featuredmedia":[{"embeddable":true,"href":"https:\/\/lisarose-moonpearl.com\/index.php\/wp-json\/wp\/v2\/media\/673"}],"wp:attachment":[{"href":"https:\/\/lisarose-moonpearl.com\/index.php\/wp-json\/wp\/v2\/media?parent=364"}],"wp:term":[{"taxonomy":"product_cat","embeddable":true,"href":"https:\/\/lisarose-moonpearl.com\/index.php\/wp-json\/wp\/v2\/product_cat?post=364"},{"taxonomy":"product_tag","embeddable":true,"href":"https:\/\/lisarose-moonpearl.com\/index.php\/wp-json\/wp\/v2\/product_tag?post=364"}],"curies":[{"name":"wp","href":"https:\/\/api.w.org\/{rel}","templated":true}]}}