{"id":148,"date":"2017-08-07T10:21:42","date_gmt":"2017-08-07T08:21:42","guid":{"rendered":"http:\/\/lisarose-moonpearl.com\/?post_type=product&#038;p=148"},"modified":"2023-09-13T19:10:31","modified_gmt":"2023-09-13T17:10:31","slug":"alisea","status":"publish","type":"product","link":"https:\/\/lisarose-moonpearl.com\/index.php\/produit\/alisea\/","title":{"rendered":"Alis\u00e9a"},"content":{"rendered":"<div class=\"textLayer\">\n<div>QUELQUES MOTS DE L&rsquo;AUTEUR&#8230;<\/div>\n<h3>Pourquoi j&rsquo;ai \u00e9crit \u00abAlis\u00e9a\u00bb ?<\/h3>\n<div>Dans ce roman, j&rsquo;ai r\u00e9uni deux de mes passions : les chevaux et l&rsquo;\u00e9criture. Par la plume, j&rsquo;ai souhait\u00e9 faire conna\u00eetre le monde des chevaux de l&rsquo;int\u00e9rieur. Un univers \u00e0 part, que je c\u00f4toie depuis l&rsquo;enfance, bien que dans mon entourage personne ne connaisse ce milieu si singulier. J&rsquo;\u00e9cris depuis toute petite, c&rsquo;est le meilleur moyen dont je dispose pour m&rsquo;exprimer.<\/div>\n<h3>Quelle est l&rsquo;histoire d&rsquo;Alis\u00e9a ?<\/h3>\n<div>\u00abAlis\u00e9a\u00bb c&rsquo;est le r\u00e9cit d&rsquo;une passion, celle d&rsquo;une jeune femme pour le peuple \u00e9quin. J&rsquo;ai voulu montrer \u00e0 quel point cette passion pouvait modeler et transcender toute une existence. Malgr\u00e9 les nombreux obstacles que l&rsquo;h\u00e9ro\u00efne rencontre sur son chemin, sa passion ne faiblit jamais, mais au contraire se renforce dans l&rsquo;\u00e9preuve. Au fur et \u00e0 mesure de ses rencontres, sa vision du cheval se \u00e9volue, m\u00eame s&rsquo;il reste toujours son unique guide.<\/div>\n<div>Au milieu du roman, Alis\u00e9a vit un drame : la perte de sa jument f\u00e9tiche, son \u00e2me s\u0153ur. Elle ne sait alors plus du tout quelle place donner aux chevaux dans sa vie. Apr\u00e8s une p\u00e9riode trouble de deuil, de questionnements, elle trouve enfin un nouveau sens \u00e0 sa relation avec les chevaux. Ils seront les th\u00e9rapeutes des maux de l&rsquo;humanit\u00e9, \u00e0 travers l&rsquo;ouverture de Lovera, un centre d&rsquo;\u00e9quith\u00e9rapie.<\/div>\n<h3>Pourquoi l&rsquo;\u00e9quith\u00e9rapie ?<\/h3>\n<div>S&rsquo;int\u00e9resser aux chevaux comme rem\u00e8de :<\/div>\n<div>&#8211; c&rsquo;est consid\u00e9rer les chevaux diff\u00e9remment de la voie classique,<\/div>\n<div>&#8211; c&rsquo;est leur donner un autre r\u00f4le que celui de monture ou de partenaire sportif<\/div>\n<div>&#8211; c&rsquo;est prendre en compte leur sensibilit\u00e9, leur psychologie, leur magn\u00e9tisme.<\/div>\n<div>J&rsquo;ai suivi, pour commencer, un parcours classique : la seule voie alors possible pour acc\u00e9der \u00e0 ces \u00eatres magiques. Puis, gr\u00e2ce \u00e0 des rencontres exceptionnelles, j&rsquo;ai pu revenir \u00e0 mes r\u00eaves d&rsquo;enfant : l&rsquo;affect pur, une communication intuitive et authentique. Les chevaux sont mon \u00e9quilibre depuis toujours (pour ne pas dire \u00ab ma religion \u00bb !). Trois jours sans les voir et je suis en manque&#8230; (et eux aussi, mais \u00e7a c&rsquo;est une autre histoire !).<\/div>\n<\/div>\n","protected":false},"excerpt":{"rendered":"<p>Alis\u00e9a, c\u2019est l\u2019histoire de la passion d\u2019une jeune femme pour le peuple des chevaux. Malgr\u00e9 les nombreux obstacles qu\u2019elle rencontre sur son chemin, sa passion, plut\u00f4t que faiblir, se renforce dans l\u2019\u00e9preuve. Mais suite \u00e0 la perte de sa jument f\u00e9tiche, son \u00e2me soeur, Alis\u00e9a ne sait plus quelle place donner aux chevaux dans sa vie. Apr\u00e8s une p\u00e9riode de deuil et de questionnements, elle trouve enfin un nouveau sens \u00e0 sa relation avec les chevaux : ils seront les th\u00e9rapeutes des maux de l\u2019humanit\u00e9, gr\u00e2ce \u00e0 l\u2019\u00e9quith\u00e9rapie.<\/p>\n","protected":false},"featured_media":107,"comment_status":"open","ping_status":"closed","template":"","meta":{"_et_pb_use_builder":"","_et_pb_old_content":"","_et_gb_content_width":"","_mi_skip_tracking":false},"product_cat":[103],"product_tag":[20,24,27,23,19,21,22,25,18,26],"_links":{"self":[{"href":"https:\/\/lisarose-moonpearl.com\/index.php\/wp-json\/wp\/v2\/product\/148"}],"collection":[{"href":"https:\/\/lisarose-moonpearl.com\/index.php\/wp-json\/wp\/v2\/product"}],"about":[{"href":"https:\/\/lisarose-moonpearl.com\/index.php\/wp-json\/wp\/v2\/types\/product"}],"replies":[{"embeddable":true,"href":"https:\/\/lisarose-moonpearl.com\/index.php\/wp-json\/wp\/v2\/comments?post=148"}],"wp:featuredmedia":[{"embeddable":true,"href":"https:\/\/lisarose-moonpearl.com\/index.php\/wp-json\/wp\/v2\/media\/107"}],"wp:attachment":[{"href":"https:\/\/lisarose-moonpearl.com\/index.php\/wp-json\/wp\/v2\/media?parent=148"}],"wp:term":[{"taxonomy":"product_cat","embeddable":true,"href":"https:\/\/lisarose-moonpearl.com\/index.php\/wp-json\/wp\/v2\/product_cat?post=148"},{"taxonomy":"product_tag","embeddable":true,"href":"https:\/\/lisarose-moonpearl.com\/index.php\/wp-json\/wp\/v2\/product_tag?post=148"}],"curies":[{"name":"wp","href":"https:\/\/api.w.org\/{rel}","templated":true}]}}