{"id":9,"date":"2017-08-02T17:01:38","date_gmt":"2017-08-02T15:01:38","guid":{"rendered":"http:\/\/lisarose-moonpearl.com\/?page_id=9"},"modified":"2018-07-07T17:48:09","modified_gmt":"2018-07-07T15:48:09","slug":"contact","status":"publish","type":"page","link":"https:\/\/lisarose-moonpearl.com\/index.php\/contact\/","title":{"rendered":"Contact"},"content":{"rendered":"<p>[et_pb_section fb_built=\u00a0\u00bb1&Prime; _builder_version=\u00a0\u00bb3.9&Prime;][et_pb_row _builder_version=\u00a0\u00bb3.9&Prime;][et_pb_column type=\u00a0\u00bb4_4&Prime; _builder_version=\u00a0\u00bb3.9&Prime; parallax=\u00a0\u00bboff\u00a0\u00bb parallax_method=\u00a0\u00bbon\u00a0\u00bb][et_pb_contact_form custom_button=\u00a0\u00bbon\u00a0\u00bb button_text_color=\u00a0\u00bb#c380b6&Prime; _builder_version=\u00a0\u00bb3.9&Prime; module_id=\u00a0\u00bbet_pb_contact_form_0&Prime; title=\u00a0\u00bbPour me contacter&#8230;\u00a0\u00bb success_message=\u00a0\u00bbVotre message m&rsquo;a bien \u00e9t\u00e9 envoy\u00e9, je vous r\u00e9pondrai dans les meilleurs d\u00e9lais&#8230; Merci !\u00a0\u00bb email=\u00a0\u00bblisarose-moonpearl@gmail.com\u00a0\u00bb custom_message=\u00a0\u00bbVous avez re\u00e7u un nouveau message depuis votre site internet www.lisarose-moonpearl.com||et_pb_line_break_holder||||et_pb_line_break_holder||Pr\u00e9nom : %%Name%%||et_pb_line_break_holder||Email : %%Email%%||et_pb_line_break_holder||Message : %%Message%%||et_pb_line_break_holder||||et_pb_line_break_holder||A bient\u00f4t,||et_pb_line_break_holder||||et_pb_line_break_holder||Votre automate d\u00e9vou\u00e9.\u00a0\u00bb button_font=\u00a0\u00bb||||||||\u00a0\u00bb][et_pb_contact_field field_id=\u00a0\u00bbName\u00a0\u00bb field_title=\u00a0\u00bbPr\u00e9nom\u00a0\u00bb _builder_version=\u00a0\u00bb3.9&Prime; border_radii=\u00a0\u00bbon||||\u00a0\u00bb][\/et_pb_contact_field][et_pb_contact_field field_id=\u00a0\u00bbEmail\u00a0\u00bb field_title=\u00a0\u00bbAdresse e-mail\u00a0\u00bb field_type=\u00a0\u00bbemail\u00a0\u00bb _builder_version=\u00a0\u00bb3.0.87&Prime; border_radii=\u00a0\u00bbon||||\u00a0\u00bb][\/et_pb_contact_field][et_pb_contact_field field_id=\u00a0\u00bbMessage\u00a0\u00bb field_title=\u00a0\u00bbMessage\u00a0\u00bb field_type=\u00a0\u00bbtext\u00a0\u00bb fullwidth_field=\u00a0\u00bbon\u00a0\u00bb _builder_version=\u00a0\u00bb3.0.87&Prime; border_radii=\u00a0\u00bbon||||\u00a0\u00bb][\/et_pb_contact_field][\/et_pb_contact_form][\/et_pb_column][\/et_pb_row][\/et_pb_section]<\/p>\n","protected":false},"excerpt":{"rendered":"<p>[et_pb_section fb_built=\u00a0\u00bb1&Prime; _builder_version=\u00a0\u00bb3.9&Prime;][et_pb_row _builder_version=\u00a0\u00bb3.9&Prime;][et_pb_column type=\u00a0\u00bb4_4&Prime; _builder_version=\u00a0\u00bb3.9&Prime; parallax=\u00a0\u00bboff\u00a0\u00bb parallax_method=\u00a0\u00bbon\u00a0\u00bb][et_pb_contact_form custom_button=\u00a0\u00bbon\u00a0\u00bb button_text_color=\u00a0\u00bb#c380b6&Prime; _builder_version=\u00a0\u00bb3.9&Prime; module_id=\u00a0\u00bbet_pb_contact_form_0&Prime; title=\u00a0\u00bbPour me contacter&#8230;\u00a0\u00bb success_message=\u00a0\u00bbVotre message m&rsquo;a bien \u00e9t\u00e9 envoy\u00e9, je vous r\u00e9pondrai dans les meilleurs d\u00e9lais&#8230; Merci !\u00a0\u00bb email=\u00a0\u00bblisarose-moonpearl@gmail.com\u00a0\u00bb custom_message=\u00a0\u00bbVous avez re\u00e7u un nouveau message depuis votre site internet www.lisarose-moonpearl.com||et_pb_line_break_holder||||et_pb_line_break_holder||Pr\u00e9nom : %%Name%%||et_pb_line_break_holder||Email : %%Email%%||et_pb_line_break_holder||Message : %%Message%%||et_pb_line_break_holder||||et_pb_line_break_holder||A bient\u00f4t,||et_pb_line_break_holder||||et_pb_line_break_holder||Votre automate d\u00e9vou\u00e9.\u00a0\u00bb button_font=\u00a0\u00bb||||||||\u00a0\u00bb][et_pb_contact_field field_id=\u00a0\u00bbName\u00a0\u00bb field_title=\u00a0\u00bbPr\u00e9nom\u00a0\u00bb _builder_version=\u00a0\u00bb3.9&Prime; [&hellip;]<\/p>\n","protected":false},"author":1,"featured_media":163,"parent":0,"menu_order":0,"comment_status":"closed","ping_status":"closed","template":"","meta":{"_et_pb_use_builder":"on","_et_pb_old_content":"","_et_gb_content_width":"","_mi_skip_tracking":false,"footnotes":""},"_links":{"self":[{"href":"https:\/\/lisarose-moonpearl.com\/index.php\/wp-json\/wp\/v2\/pages\/9"}],"collection":[{"href":"https:\/\/lisarose-moonpearl.com\/index.php\/wp-json\/wp\/v2\/pages"}],"about":[{"href":"https:\/\/lisarose-moonpearl.com\/index.php\/wp-json\/wp\/v2\/types\/page"}],"author":[{"embeddable":true,"href":"https:\/\/lisarose-moonpearl.com\/index.php\/wp-json\/wp\/v2\/users\/1"}],"replies":[{"embeddable":true,"href":"https:\/\/lisarose-moonpearl.com\/index.php\/wp-json\/wp\/v2\/comments?post=9"}],"version-history":[{"count":6,"href":"https:\/\/lisarose-moonpearl.com\/index.php\/wp-json\/wp\/v2\/pages\/9\/revisions"}],"predecessor-version":[{"id":474,"href":"https:\/\/lisarose-moonpearl.com\/index.php\/wp-json\/wp\/v2\/pages\/9\/revisions\/474"}],"wp:featuredmedia":[{"embeddable":true,"href":"https:\/\/lisarose-moonpearl.com\/index.php\/wp-json\/wp\/v2\/media\/163"}],"wp:attachment":[{"href":"https:\/\/lisarose-moonpearl.com\/index.php\/wp-json\/wp\/v2\/media?parent=9"}],"curies":[{"name":"wp","href":"https:\/\/api.w.org\/{rel}","templated":true}]}}