{"id":7,"date":"2017-08-02T17:01:38","date_gmt":"2017-08-02T15:01:38","guid":{"rendered":"http:\/\/lisarose-moonpearl.com\/?page_id=7"},"modified":"2018-07-11T14:21:03","modified_gmt":"2018-07-11T12:21:03","slug":"accueil","status":"publish","type":"page","link":"https:\/\/lisarose-moonpearl.com\/","title":{"rendered":"Accueil"},"content":{"rendered":"<p>[et_pb_section fb_built=\u00a0\u00bb1&Prime; fullwidth=\u00a0\u00bbon\u00a0\u00bb _builder_version=\u00a0\u00bb3.9&Prime;][et_pb_fullwidth_image src=\u00a0\u00bbhttp:\/\/lisarose-moonpearl.com\/wp-content\/uploads\/2018\/07\/Banni\u00e8re-accueil.jpg\u00a0\u00bb _builder_version=\u00a0\u00bb3.9&Prime;][\/et_pb_fullwidth_image][\/et_pb_section][et_pb_section fb_built=\u00a0\u00bb1&Prime; _builder_version=\u00a0\u00bb3.0.47&Prime; custom_padding=\u00a0\u00bb25px|0px|25px|0|false|false\u00a0\u00bb][et_pb_row _builder_version=\u00a0\u00bb3.9&Prime; custom_padding=\u00a0\u00bb27px|27px|27px|24px|false|false\u00a0\u00bb background_color=\u00a0\u00bbrgba(195,128,182,0.23)\u00a0\u00bb][et_pb_column type=\u00a0\u00bb1_2&Prime; _builder_version=\u00a0\u00bb3.9&Prime; parallax=\u00a0\u00bboff\u00a0\u00bb parallax_method=\u00a0\u00bbon\u00a0\u00bb][et_pb_image src=\u00a0\u00bbhttp:\/\/lisarose-moonpearl.com\/wp-content\/uploads\/2018\/07\/eBook.jpg\u00a0\u00bb align=\u00a0\u00bbcenter\u00a0\u00bb _builder_version=\u00a0\u00bb3.9&Prime;][\/et_pb_image][\/et_pb_column][et_pb_column type=\u00a0\u00bb1_2&Prime; _builder_version=\u00a0\u00bb3.9&Prime; parallax=\u00a0\u00bboff\u00a0\u00bb parallax_method=\u00a0\u00bbon\u00a0\u00bb][et_pb_divider show_divider=\u00a0\u00bboff\u00a0\u00bb height=\u00a0\u00bb54px\u00a0\u00bb _builder_version=\u00a0\u00bb3.9&Prime;][\/et_pb_divider][et_pb_text _builder_version=\u00a0\u00bb3.9&Prime;]<\/p>\n<h1 style=\"text-align: center;\">eBook gratuit<\/h1>\n<p>[\/et_pb_text][et_pb_text _builder_version=\u00a0\u00bb3.9&Prime;]<\/p>\n<h3 style=\"text-align: center;\"><span style=\"font-family: Tahoma, sans-serif;\" face=\"Tahoma, sans-serif\">\u00ab\u00a0Une ligne \u00e0 suivre pour certains cavaliers<br \/><\/span><span style=\"font-family: Tahoma, sans-serif;\" face=\"Tahoma, sans-serif\">et enseignants <\/span><span style=\"font-family: Tahoma, sans-serif;\" face=\"Tahoma, sans-serif\">\u00e0 la recherche de<br \/>m\u00e9thodes douces et alternatives.\u00a0\u00bb<\/span><\/h3>\n<p>[\/et_pb_text][et_pb_button custom_button=\u00a0\u00bbon\u00a0\u00bb button_text_color=\u00a0\u00bb#c380b6&Prime; button_text=\u00a0\u00bbJe t\u00e9l\u00e9charge mon eBook gratuit !\u00a0\u00bb _builder_version=\u00a0\u00bb3.9&Prime; button_alignment=\u00a0\u00bbcenter\u00a0\u00bb button_font=\u00a0\u00bb||||||||\u00a0\u00bb button_url=\u00a0\u00bbhttp:\/\/lisarose-moonpearl.com\/index.php\/ebook-gratuit\/\u00a0\u00bb][\/et_pb_button][\/et_pb_column][\/et_pb_row][\/et_pb_section][et_pb_section fb_built=\u00a0\u00bb1&Prime; _builder_version=\u00a0\u00bb3.9&Prime; background_color=\u00a0\u00bbrgba(220,220,220,0.47)\u00a0\u00bb box_shadow_style=\u00a0\u00bbpreset1&Prime;][et_pb_row _builder_version=\u00a0\u00bb3.9&Prime;][et_pb_column type=\u00a0\u00bb1_4&Prime; _builder_version=\u00a0\u00bb3.9&Prime; parallax=\u00a0\u00bboff\u00a0\u00bb parallax_method=\u00a0\u00bbon\u00a0\u00bb][et_pb_image src=\u00a0\u00bbhttp:\/\/lisarose-moonpearl.com\/wp-content\/uploads\/2018\/07\/Lisarose-Moonpearl-copie-3.jpg\u00a0\u00bb align=\u00a0\u00bbcenter\u00a0\u00bb _builder_version=\u00a0\u00bb3.9&Prime;][\/et_pb_image][\/et_pb_column][et_pb_column type=\u00a0\u00bb3_4&Prime; _builder_version=\u00a0\u00bb3.9&Prime; parallax=\u00a0\u00bboff\u00a0\u00bb parallax_method=\u00a0\u00bbon\u00a0\u00bb][et_pb_divider show_divider=\u00a0\u00bboff\u00a0\u00bb height=\u00a0\u00bb54px\u00a0\u00bb _builder_version=\u00a0\u00bb3.9&Prime;][\/et_pb_divider][et_pb_text _builder_version=\u00a0\u00bb3.9&Prime;]<\/p>\n<h3 style=\"text-align: center;\">\u00ab \u00c9crire, c\u2019est d\u2019abord tomber enceinte d\u2019un livre, lui rester fid\u00e8le par la solitude, en s\u2019appliquant \u00e0 peindre avec des mots, pour, finalement,<br \/>laisser sur Terre, pour l\u2019\u00e9ternit\u00e9, un lambeau de son \u00e2me\u2026 \u00bb<\/h3>\n<p>[\/et_pb_text][et_pb_button button_url=\u00a0\u00bbhttp:\/\/lisarose-moonpearl.com\/index.php\/a-propos-de\/\u00a0\u00bb button_text=\u00a0\u00bbEn savoir plus\u00a0\u00bb button_alignment=\u00a0\u00bbcenter\u00a0\u00bb _builder_version=\u00a0\u00bb3.9&Prime; custom_button=\u00a0\u00bbon\u00a0\u00bb button_text_color=\u00a0\u00bb#c380b6&Prime; button_font=\u00a0\u00bb||||||||\u00a0\u00bb][\/et_pb_button][\/et_pb_column][\/et_pb_row][\/et_pb_section][et_pb_section fb_built=\u00a0\u00bb1&Prime; _builder_version=\u00a0\u00bb3.9&Prime; custom_padding=\u00a0\u00bb54px|0px|0|0px|false|false\u00a0\u00bb][et_pb_row _builder_version=\u00a0\u00bb3.9&Prime; custom_padding=\u00a0\u00bb27px|0px|0|0px|false|false\u00a0\u00bb][et_pb_column type=\u00a0\u00bb4_4&Prime; _builder_version=\u00a0\u00bb3.9&Prime; parallax=\u00a0\u00bboff\u00a0\u00bb parallax_method=\u00a0\u00bbon\u00a0\u00bb][et_pb_shop posts_number=\u00a0\u00bb4&Prime; _builder_version=\u00a0\u00bb3.9&Prime; icon_hover_color=\u00a0\u00bb#c380b6&Prime; title_font=\u00a0\u00bb|600|||||||\u00a0\u00bb title_text_color=\u00a0\u00bb#555555&Prime; price_font=\u00a0\u00bb||||||||\u00a0\u00bb price_text_color=\u00a0\u00bb#c380b6&Prime;][\/et_pb_shop][\/et_pb_column][\/et_pb_row][\/et_pb_section]<\/p>\n","protected":false},"excerpt":{"rendered":"<p>[et_pb_section fb_built=\u00a0\u00bb1&Prime; fullwidth=\u00a0\u00bbon\u00a0\u00bb _builder_version=\u00a0\u00bb3.9&Prime;][et_pb_fullwidth_image src=\u00a0\u00bbhttp:\/\/lisarose-moonpearl.com\/wp-content\/uploads\/2018\/07\/Banni\u00e8re-accueil.jpg\u00a0\u00bb _builder_version=\u00a0\u00bb3.9&Prime;][\/et_pb_fullwidth_image][\/et_pb_section][et_pb_section fb_built=\u00a0\u00bb1&Prime; _builder_version=\u00a0\u00bb3.0.47&Prime; custom_padding=\u00a0\u00bb25px|0px|25px|0|false|false\u00a0\u00bb][et_pb_row _builder_version=\u00a0\u00bb3.9&Prime; custom_padding=\u00a0\u00bb27px|27px|27px|24px|false|false\u00a0\u00bb background_color=\u00a0\u00bbrgba(195,128,182,0.23)\u00a0\u00bb][et_pb_column type=\u00a0\u00bb1_2&Prime; _builder_version=\u00a0\u00bb3.9&Prime; parallax=\u00a0\u00bboff\u00a0\u00bb parallax_method=\u00a0\u00bbon\u00a0\u00bb][et_pb_image src=\u00a0\u00bbhttp:\/\/lisarose-moonpearl.com\/wp-content\/uploads\/2018\/07\/eBook.jpg\u00a0\u00bb align=\u00a0\u00bbcenter\u00a0\u00bb _builder_version=\u00a0\u00bb3.9&Prime;][\/et_pb_image][\/et_pb_column][et_pb_column type=\u00a0\u00bb1_2&Prime; _builder_version=\u00a0\u00bb3.9&Prime; parallax=\u00a0\u00bboff\u00a0\u00bb parallax_method=\u00a0\u00bbon\u00a0\u00bb][et_pb_divider show_divider=\u00a0\u00bboff\u00a0\u00bb height=\u00a0\u00bb54px\u00a0\u00bb _builder_version=\u00a0\u00bb3.9&Prime;][\/et_pb_divider][et_pb_text _builder_version=\u00a0\u00bb3.9&Prime;] eBook gratuit [\/et_pb_text][et_pb_text _builder_version=\u00a0\u00bb3.9&Prime;] \u00ab\u00a0Une ligne \u00e0 suivre pour certains cavalierset enseignants \u00e0 la recherche dem\u00e9thodes douces et alternatives.\u00a0\u00bb [\/et_pb_text][et_pb_button custom_button=\u00a0\u00bbon\u00a0\u00bb button_text_color=\u00a0\u00bb#c380b6&Prime; button_text=\u00a0\u00bbJe t\u00e9l\u00e9charge mon eBook gratuit !\u00a0\u00bb [&hellip;]<\/p>\n","protected":false},"author":1,"featured_media":0,"parent":0,"menu_order":0,"comment_status":"closed","ping_status":"closed","template":"","meta":{"_et_pb_use_builder":"on","_et_pb_old_content":"","_et_gb_content_width":"","_mi_skip_tracking":false,"footnotes":""},"_links":{"self":[{"href":"https:\/\/lisarose-moonpearl.com\/index.php\/wp-json\/wp\/v2\/pages\/7"}],"collection":[{"href":"https:\/\/lisarose-moonpearl.com\/index.php\/wp-json\/wp\/v2\/pages"}],"about":[{"href":"https:\/\/lisarose-moonpearl.com\/index.php\/wp-json\/wp\/v2\/types\/page"}],"author":[{"embeddable":true,"href":"https:\/\/lisarose-moonpearl.com\/index.php\/wp-json\/wp\/v2\/users\/1"}],"replies":[{"embeddable":true,"href":"https:\/\/lisarose-moonpearl.com\/index.php\/wp-json\/wp\/v2\/comments?post=7"}],"version-history":[{"count":17,"href":"https:\/\/lisarose-moonpearl.com\/index.php\/wp-json\/wp\/v2\/pages\/7\/revisions"}],"predecessor-version":[{"id":707,"href":"https:\/\/lisarose-moonpearl.com\/index.php\/wp-json\/wp\/v2\/pages\/7\/revisions\/707"}],"wp:attachment":[{"href":"https:\/\/lisarose-moonpearl.com\/index.php\/wp-json\/wp\/v2\/media?parent=7"}],"curies":[{"name":"wp","href":"https:\/\/api.w.org\/{rel}","templated":true}]}}