{"id":691,"date":"2018-07-11T14:04:11","date_gmt":"2018-07-11T12:04:11","guid":{"rendered":"http:\/\/lisarose-moonpearl.com\/?page_id=691"},"modified":"2018-08-29T13:07:52","modified_gmt":"2018-08-29T11:07:52","slug":"ebook-gratuit","status":"publish","type":"page","link":"https:\/\/lisarose-moonpearl.com\/index.php\/ebook-gratuit\/","title":{"rendered":"eBook (gratuit)"},"content":{"rendered":"<p>[et_pb_section fb_built=\u00a0\u00bb1&Prime; _builder_version=\u00a0\u00bb3.0.47&Prime; custom_padding=\u00a0\u00bb0|0px|0|0|false|false\u00a0\u00bb][et_pb_row _builder_version=\u00a0\u00bb3.9&Prime;][et_pb_column type=\u00a0\u00bb4_4&Prime; _builder_version=\u00a0\u00bb3.9&Prime; parallax=\u00a0\u00bboff\u00a0\u00bb parallax_method=\u00a0\u00bbon\u00a0\u00bb][et_pb_text _builder_version=\u00a0\u00bb3.9&Prime;]<\/p>\n<h1 style=\"text-align: center;\">eBook gratuit<\/h1>\n<p>[\/et_pb_text][\/et_pb_column][\/et_pb_row][et_pb_row _builder_version=\u00a0\u00bb3.9&Prime;][et_pb_column type=\u00a0\u00bb4_4&Prime; _builder_version=\u00a0\u00bb3.9&Prime; parallax=\u00a0\u00bboff\u00a0\u00bb parallax_method=\u00a0\u00bbon\u00a0\u00bb][et_pb_image src=\u00a0\u00bbhttp:\/\/lisarose-moonpearl.com\/wp-content\/uploads\/2018\/07\/eBook.jpg\u00a0\u00bb align=\u00a0\u00bbcenter\u00a0\u00bb _builder_version=\u00a0\u00bb3.9&Prime;][\/et_pb_image][\/et_pb_column][\/et_pb_row][et_pb_row _builder_version=\u00a0\u00bb3.9&Prime;][et_pb_column type=\u00a0\u00bb4_4&Prime; _builder_version=\u00a0\u00bb3.9&Prime; parallax=\u00a0\u00bboff\u00a0\u00bb parallax_method=\u00a0\u00bbon\u00a0\u00bb][et_pb_text _builder_version=\u00a0\u00bb3.9&Prime;]<\/p>\n<p style=\"text-align: center;\">Certains y voient juste une faute d&rsquo;orthographe, pensant que c&rsquo;est un manuel de dressage. D&rsquo;autres (n&rsquo;apercevant peut-\u00eatre pas le \u00ab\u00a0h\u00a0\u00bb en trop) s&rsquo;attendent \u00e0 une apologie du fouet et de la cravache,\u00a0\u00e9tant donn\u00e9 que \u00ab\u00a0mater\u00a0\u00bb a comme plus proches synonymes \u00ab\u00a0ma\u00eetriser\u00a0\u00bb, \u00ab\u00a0dompter\u00a0\u00bb, \u00ab\u00a0r\u00e9primer\u00a0\u00bb. Et ceux qui reconnaissent le terme \u00ab\u00a0math\u00e9matiques\u00a0\u00bb ne comprennent a priori pas le rapport entre cette discipline, aussi aust\u00e8re que malaim\u00e9e, et la plus noble conqu\u00eate de l&rsquo;homme\u00a0!<br \/> J&rsquo;avoue que ce titre demande quelques explications afin d&rsquo;appr\u00e9hender au mieux le contenu de l&rsquo;ouvrage qu&rsquo;il annonce.<\/p>\n<p>[\/et_pb_text][\/et_pb_column][\/et_pb_row][et_pb_row custom_padding=\u00a0\u00bb27px|26px|19px|22px|false|false\u00a0\u00bb _builder_version=\u00a0\u00bb3.9&Prime; background_color=\u00a0\u00bbrgba(195,128,182,0.24)\u00a0\u00bb][et_pb_column type=\u00a0\u00bb4_4&Prime; _builder_version=\u00a0\u00bb3.9&Prime; parallax=\u00a0\u00bboff\u00a0\u00bb parallax_method=\u00a0\u00bbon\u00a0\u00bb][et_pb_text _builder_version=\u00a0\u00bb3.9&Prime;]<\/p>\n<h3 style=\"text-align: center;\"><span style=\"font-family: Tahoma, sans-serif;\" face=\"Tahoma, sans-serif\">\u00ab\u00a0Une ligne \u00e0 suivre pour certains cavaliers et enseignants<br \/><\/span><span style=\"font-family: Tahoma, sans-serif;\" face=\"Tahoma, sans-serif\">\u00e0 la recherche de m\u00e9thodes douces et alternatives.\u00a0\u00bb<\/span><\/h3>\n<p>[\/et_pb_text][\/et_pb_column][\/et_pb_row][et_pb_row _builder_version=\u00a0\u00bb3.9&Prime;][et_pb_column type=\u00a0\u00bb4_4&Prime; _builder_version=\u00a0\u00bb3.9&Prime; parallax=\u00a0\u00bboff\u00a0\u00bb parallax_method=\u00a0\u00bbon\u00a0\u00bb][et_pb_text _builder_version=\u00a0\u00bb3.9&Prime;]<\/p>\n<p style=\"text-align: center;\">Passionn\u00e9e tout autant de <strong>p\u00e9dagogie<\/strong> que de<strong> sciences<\/strong> et de <strong>chevaux<\/strong>, j&rsquo;ai voulu montrer comment <strong>ces trois domaines se combinaient merveilleusement bien<\/strong>. Ma m\u00e9thode p\u00e9dagogique, apparent\u00e9e au <strong>\u00ab\u00a0happy learning\u00a0\u00bb<\/strong>, s&rsquo;applique tout autant \u00e0 l&rsquo;\u00e9ducation des chevaux qu&rsquo;\u00e0 l&rsquo;enseignement aupr\u00e8s des \u00e9l\u00e8ves. C&rsquo;est ce parall\u00e8le que je d\u00e9veloppe dans mon \u00ab\u00a0guide p\u00e9dagogique\u00a0\u00bb, ainsi que la philosophie m\u00eame d&rsquo;une <strong>p\u00e9dagogie positive et bienveillante<\/strong>.\u00a0 Je m&rsquo;appuie pour cela sur mon exp\u00e9rience de longue date, autant aupr\u00e8s des chevaux qu&rsquo;avec les \u00e9l\u00e8ves de coll\u00e8ge et lyc\u00e9e (en math\u00e9matiques principalement). J&rsquo;esp\u00e8re qu&rsquo;elle pourra donner des id\u00e9es et\/ou une ligne \u00e0 suivre pour certains cavaliers et enseignants \u00e0 la recherche de<strong> m\u00e9thodes douces et alternatives<\/strong>.<\/p>\n<p>[\/et_pb_text][\/et_pb_column][\/et_pb_row][et_pb_row _builder_version=\u00a0\u00bb3.9&Prime;][et_pb_column type=\u00a0\u00bb4_4&Prime; _builder_version=\u00a0\u00bb3.9&Prime; parallax=\u00a0\u00bboff\u00a0\u00bb parallax_method=\u00a0\u00bbon\u00a0\u00bb][et_pb_button button_url=\u00a0\u00bbhttp:\/\/eepurl.com\/dAsK9D\u00a0\u00bb url_new_window=\u00a0\u00bbon\u00a0\u00bb button_text=\u00a0\u00bbJe t\u00e9l\u00e9charge mon eBook gratuit !\u00a0\u00bb button_alignment=\u00a0\u00bbcenter\u00a0\u00bb _builder_version=\u00a0\u00bb3.9&Prime; custom_button=\u00a0\u00bbon\u00a0\u00bb button_text_color=\u00a0\u00bb#c380b6&Prime; button_font=\u00a0\u00bb||||||||\u00a0\u00bb][\/et_pb_button][\/et_pb_column][\/et_pb_row][\/et_pb_section][et_pb_section fb_built=\u00a0\u00bb1&Prime; background_color=\u00a0\u00bbrgba(229,221,201,0.73)\u00a0\u00bb _builder_version=\u00a0\u00bb3.12.2&Prime; custom_padding=\u00a0\u00bb0|0px|15px|0px|false|false\u00a0\u00bb][et_pb_row _builder_version=\u00a0\u00bb3.12.2&Prime; custom_padding=\u00a0\u00bb27px|0px|0|0px|false|false\u00a0\u00bb][et_pb_column type=\u00a0\u00bb4_4&Prime; _builder_version=\u00a0\u00bb3.12.2&Prime; parallax=\u00a0\u00bboff\u00a0\u00bb parallax_method=\u00a0\u00bbon\u00a0\u00bb][et_pb_comments show_reply=\u00a0\u00bboff\u00a0\u00bb show_count=\u00a0\u00bboff\u00a0\u00bb custom_button=\u00a0\u00bbon\u00a0\u00bb button_text_color=\u00a0\u00bb#c380b6&Prime; _builder_version=\u00a0\u00bb3.12.2&Prime; header_font=\u00a0\u00bb||||||||\u00a0\u00bb button_font=\u00a0\u00bb||||||||\u00a0\u00bb][\/et_pb_comments][\/et_pb_column][\/et_pb_row][\/et_pb_section]<\/p>\n","protected":false},"excerpt":{"rendered":"<p>[et_pb_section fb_built=\u00a0\u00bb1&Prime; _builder_version=\u00a0\u00bb3.0.47&Prime; custom_padding=\u00a0\u00bb0|0px|0|0|false|false\u00a0\u00bb][et_pb_row _builder_version=\u00a0\u00bb3.9&Prime;][et_pb_column type=\u00a0\u00bb4_4&Prime; _builder_version=\u00a0\u00bb3.9&Prime; parallax=\u00a0\u00bboff\u00a0\u00bb parallax_method=\u00a0\u00bbon\u00a0\u00bb][et_pb_text _builder_version=\u00a0\u00bb3.9&Prime;] eBook gratuit [\/et_pb_text][\/et_pb_column][\/et_pb_row][et_pb_row _builder_version=\u00a0\u00bb3.9&Prime;][et_pb_column type=\u00a0\u00bb4_4&Prime; _builder_version=\u00a0\u00bb3.9&Prime; parallax=\u00a0\u00bboff\u00a0\u00bb parallax_method=\u00a0\u00bbon\u00a0\u00bb][et_pb_image src=\u00a0\u00bbhttp:\/\/lisarose-moonpearl.com\/wp-content\/uploads\/2018\/07\/eBook.jpg\u00a0\u00bb align=\u00a0\u00bbcenter\u00a0\u00bb _builder_version=\u00a0\u00bb3.9&Prime;][\/et_pb_image][\/et_pb_column][\/et_pb_row][et_pb_row _builder_version=\u00a0\u00bb3.9&Prime;][et_pb_column type=\u00a0\u00bb4_4&Prime; _builder_version=\u00a0\u00bb3.9&Prime; parallax=\u00a0\u00bboff\u00a0\u00bb parallax_method=\u00a0\u00bbon\u00a0\u00bb][et_pb_text _builder_version=\u00a0\u00bb3.9&Prime;] Certains y voient juste une faute d&rsquo;orthographe, pensant que c&rsquo;est un manuel de dressage. D&rsquo;autres (n&rsquo;apercevant peut-\u00eatre pas le \u00ab\u00a0h\u00a0\u00bb en trop) s&rsquo;attendent \u00e0 une apologie du fouet [&hellip;]<\/p>\n","protected":false},"author":1,"featured_media":0,"parent":0,"menu_order":0,"comment_status":"open","ping_status":"closed","template":"","meta":{"_et_pb_use_builder":"on","_et_pb_old_content":"","_et_gb_content_width":"","_mi_skip_tracking":false,"footnotes":""},"_links":{"self":[{"href":"https:\/\/lisarose-moonpearl.com\/index.php\/wp-json\/wp\/v2\/pages\/691"}],"collection":[{"href":"https:\/\/lisarose-moonpearl.com\/index.php\/wp-json\/wp\/v2\/pages"}],"about":[{"href":"https:\/\/lisarose-moonpearl.com\/index.php\/wp-json\/wp\/v2\/types\/page"}],"author":[{"embeddable":true,"href":"https:\/\/lisarose-moonpearl.com\/index.php\/wp-json\/wp\/v2\/users\/1"}],"replies":[{"embeddable":true,"href":"https:\/\/lisarose-moonpearl.com\/index.php\/wp-json\/wp\/v2\/comments?post=691"}],"version-history":[{"count":4,"href":"https:\/\/lisarose-moonpearl.com\/index.php\/wp-json\/wp\/v2\/pages\/691\/revisions"}],"predecessor-version":[{"id":778,"href":"https:\/\/lisarose-moonpearl.com\/index.php\/wp-json\/wp\/v2\/pages\/691\/revisions\/778"}],"wp:attachment":[{"href":"https:\/\/lisarose-moonpearl.com\/index.php\/wp-json\/wp\/v2\/media?parent=691"}],"curies":[{"name":"wp","href":"https:\/\/api.w.org\/{rel}","templated":true}]}}