{"id":194,"date":"2017-09-11T13:47:10","date_gmt":"2017-09-11T11:47:10","guid":{"rendered":"http:\/\/lisarose-moonpearl.com\/?page_id=194"},"modified":"2017-09-11T16:27:43","modified_gmt":"2017-09-11T14:27:43","slug":"extrait-alisea","status":"publish","type":"page","link":"https:\/\/lisarose-moonpearl.com\/index.php\/extrait-alisea\/","title":{"rendered":"Extraits Alis\u00e9a"},"content":{"rendered":"<h2>Extrait 1 : Le coup de foudre initial<\/h2>\n<div>\u00abParfois, quand elle caressait le nez velout\u00e9 d\u2019un de ses meilleurs amis, elle se rappelait son enfance, p\u00e9riode au cours de laquelle avait jailli en elle cette merveilleuse et poignante d\u00e9votion \u00e9quine&#8230;. Alis\u00e9a se souviendrait toute sa vie du jour de ses huit ans, o\u00f9 son c\u0153ur s\u2019enflamma \u00e0 jamais. Elle \u00e9tait en train de se promener avec ses parents dans le village quand, soudain, elle LE vit ! C\u2019\u00e9tait un poney noir, pas plus grand qu\u2019elle ! Et l\u00e0, elle comprit que lui, ainsi que tous les repr\u00e9sentants de son esp\u00e8ce, seraient d\u00e9sormais son feu \u00e0 elle. Cela avait \u00e9t\u00e9 aussi brusque et d\u00e9finitif que lorsqu\u2019on est touch\u00e9 par une maladie incurable. Elle avait attrap\u00e9 le virus, son c\u0153ur serait esclave du dieu Cheval jusqu\u2019\u00e0 la fin de ses jours&#8230;\u00bb<\/div>\n<div><\/div>\n<h2>Extrait 2 : Sa relation avec Hombre, son premier amour<\/h2>\n<div>\u00abEntre eux existait une osmose totale. Il suffisait qu\u2019elle veuille quelque chose<\/div>\n<div>pour qu\u2019il l\u2019ex\u00e9cute, \u00e0 l\u2019\u00e9coute de sa moindre demande. Lorsqu\u2019elle \u00e9tait sur son dos, Alis\u00e9a entendait r\u00e9sonner dans sa t\u00eate une phrase du Capitaine Beudant : \u00ab Soyez patient, c\u2019est un immense bonheur qui se m\u00e9rite.\u00bb Et Dieu sait qu\u2019elle l\u2019avait attendu, ce moment magique, o\u00f9 cheval et cavalier ne forment plus qu\u2019un ; lorsque l\u2019humain se prolonge dans ces quatre jambes a\u00e9riennes et cette bouche souple et docile&#8230; Alis\u00e9a se sentait plus \u00abcheval\u00bb que jamais. Lorsqu\u2019au d\u00e9tour d\u2019un chemin, Hombre rencontrait certains de ses cong\u00e9n\u00e8res et se mettait \u00e0 piaffer d\u2019orgueil, elle sentait la force de l\u2019entier l\u2019envahir et la faire fr\u00e9mir de tout son \u00eatre. Lorsqu\u2019il galopait tranquillement, dans cette allure confortable et chaloup\u00e9e, il lui semblait que ses propres pieds frappaient le sol, \u00e0 chaque foul\u00e9e, dans un m\u00e9lange de puissance et de l\u00e9g\u00e8ret\u00e9.\u00bb<\/div>\n<div><\/div>\n<h2>Extrait 3 : Renaissance apr\u00e8s la perte de son alter ego, Cardona.<\/h2>\n<div>\u00abIl mit une ration dans chacun des box, dont il laissa les portes ouvertes, puis il siffla, la langue coll\u00e9e au palais. Dans la seconde qui suivit, Alis\u00e9a entendit comme un tremblement de terre et, soudain, d\u00e9boulant des quatre coins du mas au galop, lui apparurent de magnifiques juments espagnoles grises, toutes plus chatoyantes et ronflantes les unes que les autres. Une vision hors du temps et du r\u00e9el&#8230; Chacune se pr\u00e9cipita dans un box \u2013 son box ! \u2013, non sans avoir jet\u00e9 un coup d&rsquo;oeil rapide et \u00e9tonn\u00e9 \u00e0 la jeune inconnue. \u00abQu&rsquo;est-ce qu&rsquo;elles sont belles !&#8230;\u00bb, murmura la jeune fille. Ce qu&rsquo;elle ressentit, \u00e0 ce moment-l\u00e0, fut comme une explosion ! Le feu qui s&rsquo;\u00e9tait \u00e9teint en elle, depuis de longues semaines, renaissait de ses cendres, sous le coup d&rsquo;une bourrasque brutale, et devint un brasier. Tel le ph\u00e9nix, son c\u0153ur engourdi venait d&rsquo;\u00eatre r\u00e9anim\u00e9 par ces beaut\u00e9s sauvages ! Les juments respiraient le bonheur, un bonheur originel, non alt\u00e9r\u00e9 par leur contact avec l&rsquo;homme.\u00bb<\/div>\n<div><\/div>\n<h2>Extrait 4 : Le principe de l&rsquo;\u00e9quith\u00e9rapie.<\/h2>\n<div>\u00abLe chercheur reconna\u00eet que les chevaux arrivent \u00e0 \u00e9tablir un lien plus rapidement avec le patient que n&rsquo;importe quel th\u00e9rapeute.. Le langage des chevaux renvoie l&rsquo;humain \u00e0 ses premi\u00e8res relations affectives. L&rsquo;analyse de la communication entre l&rsquo;homme et le cheval permet de retrouver tous les grands axes de la recherche sur le d\u00e9veloppement psychique du nourrisson : intersubjectivit\u00e9, mentalisation, processus d&rsquo;attachement, r\u00e9gulation de l&rsquo;affect. M\u00eame chez l&rsquo;adulte, le corps exprime les \u00e9motions bien plus clairement que les mots. Les chevaux recherchent naturellement le contact et per\u00e7oivent ces signaux, notamment les signes de tension, et savent y r\u00e9pondre directement, en utilisant tout leur corps (la queue, l&rsquo;encolure, la t\u00eate) et d&rsquo;infimes contractions musculaires, ainsi que leur respiration. C&rsquo;est une communication tr\u00e8s subtile, qui d\u00e9clenche, chez le patient, quelque chose d&rsquo;archa\u00efque, qui n&rsquo;a rien \u00e0 voir avec le dressage. Chacun r\u00e9agit \u00e0 l&rsquo;autre dans une langue comprise par tous les deux.\u00bb<\/div>\n","protected":false},"excerpt":{"rendered":"<p>Extrait 1 : Le coup de foudre initial \u00abParfois, quand elle caressait le nez velout\u00e9 d\u2019un de ses meilleurs amis, elle se rappelait son enfance, p\u00e9riode au cours de laquelle avait jailli en elle cette merveilleuse et poignante d\u00e9votion \u00e9quine&#8230;. Alis\u00e9a se souviendrait toute sa vie du jour de ses huit ans, o\u00f9 son c\u0153ur [&hellip;]<\/p>\n","protected":false},"author":1,"featured_media":0,"parent":0,"menu_order":0,"comment_status":"closed","ping_status":"closed","template":"","meta":{"_et_pb_use_builder":"","_et_pb_old_content":"","_et_gb_content_width":"","_mi_skip_tracking":false,"footnotes":""},"_links":{"self":[{"href":"https:\/\/lisarose-moonpearl.com\/index.php\/wp-json\/wp\/v2\/pages\/194"}],"collection":[{"href":"https:\/\/lisarose-moonpearl.com\/index.php\/wp-json\/wp\/v2\/pages"}],"about":[{"href":"https:\/\/lisarose-moonpearl.com\/index.php\/wp-json\/wp\/v2\/types\/page"}],"author":[{"embeddable":true,"href":"https:\/\/lisarose-moonpearl.com\/index.php\/wp-json\/wp\/v2\/users\/1"}],"replies":[{"embeddable":true,"href":"https:\/\/lisarose-moonpearl.com\/index.php\/wp-json\/wp\/v2\/comments?post=194"}],"version-history":[{"count":4,"href":"https:\/\/lisarose-moonpearl.com\/index.php\/wp-json\/wp\/v2\/pages\/194\/revisions"}],"predecessor-version":[{"id":222,"href":"https:\/\/lisarose-moonpearl.com\/index.php\/wp-json\/wp\/v2\/pages\/194\/revisions\/222"}],"wp:attachment":[{"href":"https:\/\/lisarose-moonpearl.com\/index.php\/wp-json\/wp\/v2\/media?parent=194"}],"curies":[{"name":"wp","href":"https:\/\/api.w.org\/{rel}","templated":true}]}}